{"id":875,"date":"2024-10-23T01:07:26","date_gmt":"2024-10-23T01:07:26","guid":{"rendered":"https:\/\/okeya.ca\/cartes-cadeaux-electroniques\/"},"modified":"2025-01-10T20:19:52","modified_gmt":"2025-01-10T20:19:52","slug":"e-carte-cadeau","status":"publish","type":"page","link":"https:\/\/okeya.ca\/fr\/e-carte-cadeau\/","title":{"rendered":"E-carte cadeau"},"content":{"rendered":"\n\t<section class=\"section dark\" id=\"section_1934595639\">\n\t\t<div class=\"section-bg fill\" >\n\t\t\t\t\t\t\t\t\t\n\t\t\t\n\n\t\t<\/div>\n\n\t\t\n\n\t\t<div class=\"section-content relative\">\n\t\t\t\n<div class=\"row\"  id=\"row-1656319342\">\n\n\t<div id=\"col-892174320\" class=\"col small-12 large-12\"  >\n\t\t\t\t<div class=\"col-inner\"  >\n\t\t\t\n\t\t\t\n<h1 style=\"text-align: center;\"><span style=\"color: #dd9933;\">Cartes-CADEAUX \u00e9lectroniques<\/span><\/h1>\n<div>\n<div style=\"text-align: center;\"><\/div>\n<\/div>\n<div class=\"row\"  id=\"row-494230600\">\n\n\t<div id=\"col-801702699\" class=\"col medium-4 small-12 large-4\"  >\n\t\t\t\t<div class=\"col-inner text-center\"  >\n\t\t\t\n\t\t\t\n<a data-animate=\"fadeInLeft\" href=\"https:\/\/my.loopz.io\/gift-card\/2f4dd958-0fe7-46e4-9dc8-c1ad2d397452?locale=en-CA\" target=\"_blank\" class=\"button secondary\" rel=\"noopener\" style=\"border-radius:9px;\">\n\t\t<span>Montreal<\/span>\n\t<\/a>\n\n\t\t<\/div>\n\t\t\t\t\t<\/div>\n\n\t\n\n\t<div id=\"col-1220428444\" class=\"col medium-4 small-12 large-4\"  >\n\t\t\t\t<div class=\"col-inner text-center\"  >\n\t\t\t\n\t\t\t\n<a data-animate=\"fadeInLeft\" href=\"https:\/\/my.loopz.io\/gift-card\/8296c879-3ac5-4ec2-b289-84cdcc9648e7?locale=en-CA\" target=\"_blank\" class=\"button secondary\" rel=\"noopener\" style=\"border-radius:9px;\">\n\t\t<span>Vancouver<\/span>\n\t<\/a>\n\n\t\t<\/div>\n\t\t\t\t\t<\/div>\n\n\t\n\n\t<div id=\"col-1652192096\" class=\"col medium-4 small-12 large-4\"  >\n\t\t\t\t<div class=\"col-inner text-center\"  >\n\t\t\t\n\t\t\t\n<a data-animate=\"fadeInLeft\" href=\"https:\/\/my.loopz.io\/gift-card\/6a4961fc-2c10-4999-af52-77527d9ada52?locale=en-CA\" target=\"_blank\" class=\"button secondary\" rel=\"noopener\" style=\"border-radius:9px;\">\n\t\t<span>Toronto<\/span>\n\t<\/a>\n\n\t\t<\/div>\n\t\t\t\t\t<\/div>\n\n\t\n<\/div>\n<p style=\"text-align: center;\"><strong>Cartes-cadeaux \u00e9lectroniques :<\/strong><\/p>\n<p style=\"text-align: center;\">Cette carte cadeau est valable exclusivement \u00e0 l&rsquo;endroit que vous avez s\u00e9lectionn\u00e9. Les cartes cadeaux ne sont pas transf\u00e9rables et ne peuvent \u00eatre \u00e9chang\u00e9es contre de l&rsquo;argent. Vous pouvez acheter des cartes-cadeaux pour n&rsquo;importe quel montant jusqu&rsquo;\u00e0 1,000.00 CAD. Si vous souhaitez acheter une carte-cadeau d&rsquo;un montant sup\u00e9rieur \u00e0 1,000.00 CAD, vous pouvez acheter plusieurs cartes. Veuillez noter que les cartes-cadeaux ne peuvent pas \u00eatre utilis\u00e9es pour obtenir des pourboires.<\/p>\n<p style=\"text-align: center;\"><strong>Coordonn\u00e9es :<\/strong><br \/>Si vous avez des questions, veuillez envoyer un e-mail \u00e0 :<\/p>\n<div>\n<div style=\"text-align: center;\">Montreal: <a href=\"mailto:info@okeya.ca\" target=\"_blank\" rel=\"noopener noreferrer\">info@okeya.ca<\/a><\/div>\n<div style=\"text-align: center;\">Vancouver:\u00a0<a href=\"mailto:info@kyujiro.ca\" target=\"_blank\" rel=\"noopener noreferrer\">info@kyujiro.ca<\/a><\/div>\n<div style=\"text-align: center;\">Toronto:\u00a0<a href=\"mailto:info@okeya26.ca\" target=\"_blank\" rel=\"noopener noreferrer\">info@okeya26.ca<\/a><\/div>\n<\/div>\n\t<div id=\"gap-1191662136\" class=\"gap-element clearfix\" style=\"display:block; height:auto;\">\n\t\t\n<style>\n#gap-1191662136 {\n  padding-top: 55px;\n}\n<\/style>\n\t<\/div>\n\t\n\t\t<\/div>\n\t\t\t\t\t<\/div>\n\n\t\n<\/div>\n\t\t<\/div>\n\n\t\t\n<style>\n#section_1934595639 {\n  padding-top: 30px;\n  padding-bottom: 30px;\n  background-color: #000000;\n}\n<\/style>\n\t<\/section>\n\t\n","protected":false},"excerpt":{"rendered":"","protected":false},"author":1,"featured_media":0,"parent":0,"menu_order":0,"comment_status":"closed","ping_status":"closed","template":"page-blank.php","meta":{"footnotes":""},"class_list":["post-875","page","type-page","status-publish","hentry"],"aioseo_notices":[],"_links":{"self":[{"href":"https:\/\/okeya.ca\/fr\/wp-json\/wp\/v2\/pages\/875","targetHints":{"allow":["GET"]}}],"collection":[{"href":"https:\/\/okeya.ca\/fr\/wp-json\/wp\/v2\/pages"}],"about":[{"href":"https:\/\/okeya.ca\/fr\/wp-json\/wp\/v2\/types\/page"}],"author":[{"embeddable":true,"href":"https:\/\/okeya.ca\/fr\/wp-json\/wp\/v2\/users\/1"}],"replies":[{"embeddable":true,"href":"https:\/\/okeya.ca\/fr\/wp-json\/wp\/v2\/comments?post=875"}],"version-history":[{"count":8,"href":"https:\/\/okeya.ca\/fr\/wp-json\/wp\/v2\/pages\/875\/revisions"}],"predecessor-version":[{"id":943,"href":"https:\/\/okeya.ca\/fr\/wp-json\/wp\/v2\/pages\/875\/revisions\/943"}],"wp:attachment":[{"href":"https:\/\/okeya.ca\/fr\/wp-json\/wp\/v2\/media?parent=875"}],"curies":[{"name":"wp","href":"https:\/\/api.w.org\/{rel}","templated":true}]}}