{"id":817,"date":"2024-08-07T17:46:47","date_gmt":"2024-08-07T17:46:47","guid":{"rendered":"https:\/\/okeya.ca\/?page_id=817"},"modified":"2025-05-21T20:11:29","modified_gmt":"2025-05-21T20:11:29","slug":"vancouver-reservation-brunch","status":"publish","type":"page","link":"https:\/\/okeya.ca\/fr\/vancouver-reservation-brunch\/","title":{"rendered":"Vancouver Reservation Brunch"},"content":{"rendered":"\n\t<section class=\"section dark\" id=\"section_1551053806\">\n\t\t<div class=\"section-bg fill\" >\n\t\t\t<img decoding=\"async\" width=\"1178\" height=\"1179\" src=\"https:\/\/okeya.ca\/wp-content\/uploads\/2025\/05\/Image_20240720113332.jpg\" class=\"bg attachment- size-\" alt=\"\" \/>\t\t\t\t\t\t<div class=\"section-bg-overlay absolute fill\"><\/div>\n\t\t\t\n\n\t\t<\/div>\n\n\t\t\n\n\t\t<div class=\"section-content relative\">\n\t\t\t\n<div class=\"row\"  id=\"row-260779190\">\n\n\t<div id=\"col-576039711\" class=\"col medium-3 small-12 large-3\"  >\n\t\t\t\t<div class=\"col-inner text-center\" style=\"background-color:rgb(255,255,255);\" >\n\t\t\t\n\t\t\t\n<a data-animate=\"fadeInLeft\" href=\"https:\/\/www.opentable.ca\/r\/sushi-okeya-kyujiro-reservations-vancouver?restref=1246012&#038;lang=en-CA&#038;ot_source=Restaurant%20website\" target=\"_blank\" class=\"button alert\" rel=\"noopener\" style=\"border-radius:13px;\">\n\t\t<span>RESERVE NOW<\/span>\n\t<\/a>\n\n\t<div class=\"img has-hover x md-x lg-x y md-y lg-y\" id=\"image_170921825\">\n\t\t\t\t\t\t\t\t<div class=\"img-inner dark\" >\n\t\t\t<img decoding=\"async\" width=\"463\" height=\"109\" src=\"https:\/\/okeya.ca\/wp-content\/uploads\/2021\/06\/OPENTABLE.png\" class=\"attachment-large size-large\" alt=\"\" srcset=\"https:\/\/okeya.ca\/wp-content\/uploads\/2021\/06\/OPENTABLE.png 463w, https:\/\/okeya.ca\/wp-content\/uploads\/2021\/06\/OPENTABLE-300x71.png 300w\" sizes=\"(max-width: 463px) 100vw, 463px\" \/>\t\t\t\t\t\t\n\t\t\t\t\t<\/div>\n\t\t\t\t\t\t\t\t\n<style>\n#image_170921825 {\n  width: 45%;\n}\n<\/style>\n\t<\/div>\n\t\n\t\t<\/div>\n\t\t\t\t\n<style>\n#col-576039711 > .col-inner {\n  padding: 22px 0px 22px 0px;\n}\n<\/style>\n\t<\/div>\n\n\t\n\n\t<div id=\"col-1295394140\" class=\"col medium-9 small-12 large-9\"  >\n\t\t\t\t<div class=\"col-inner\"  >\n\t\t\t\n\t\t\t\n<h1>Bienvenu \u00e0 Okeya Kyujiro<\/h1>\n<h3>Exp\u00e9rience Omakase Brunch<\/h3>\n<p>Notre omakase du midi sert approximativement 15 plats pour le prix de $180 par personne. Nous servons principalement des sushis nigiri utilisant les ingr\u00e9dients de saison les plus fins et frais.<\/p>\n<h6>Allergies<\/h6>\n<p>S\u2019il vous plait, faites-nous savoir si vous avez des allergies ou des restrictions alimentaires pour savoir si nous puissions vous accommoder. Notez que notre menu consiste principalement de\u00a0poissons et fruits de mer\u00a0et plusieurs services vont contenir du\u00a0gluten<\/p>\n<h6>Autres informations importantes<\/h6>\n<ul>\n<li>Faites-nous savoir si vous planifier venir pour une occasion sp\u00e9ciale. Nous allons avoir quelque chose pour vous. Des frais additionnels peuvent \u00eatre\u00a0\u00a0appliqu\u00e9s.<\/li>\n<li>Nous n\u2019acceptons pas de nourriture ou d\u2019alcool externe dans notre \u00e9tablissement<\/li>\n<li>Nous n\u2019avons pas de menu pour enfant.<\/li>\n<\/ul>\n<h6>Politique de r\u00e9servation et d\u2019annulation<\/h6>\n<ul>\n<li>Le client est tenu d\u2019annuler sa r\u00e9servation 48 heures \u00e0 l\u2019avance afin d\u2019\u00e9viter des frais de.<\/li>\n<li>Les groupes de 5+ requi\u00e8rent un paiement complet plus 20% de frais de service.<\/li>\n<li>Une carte de cr\u00e9dit valide est n\u00e9cessaire pour prendre une r\u00e9servation.<\/li>\n<li>Pour annuler une r\u00e9servation, allez tout simplement annuler \u00e0 partir du email de confirmation d\u2019OpenTable ou par courriel : <a href=\"mailto:info@okeya.ca\">info@okeya.ca<\/a><\/li>\n<\/ul>\n<h6>Prix : $180 avant taxe et pourboire par personne<\/h6>\n<h6>HEURE\u00a0: VENDREDI, SAMEDI ET DIMANCHE UNIQUEMENT, \u00c0 PARTIR DE 12H30<\/h6>\n<p>\u00a0<\/p>\n<div dir=\"auto\">Nous nous r\u00e9servons le droit de modifier ou d&rsquo;annuler des r\u00e9servations en raison de circonstances exceptionnelles qui sont hors de notre contr\u00f4le. Nous vous remercions de votre compr\u00e9hension.<\/div>\n<div dir=\"auto\">\u00a0<\/div>\n\t\t<\/div>\n\t\t\t\t\t<\/div>\n\n\t\n<\/div>\n\t\t<\/div>\n\n\t\t\n<style>\n#section_1551053806 {\n  padding-top: 30px;\n  padding-bottom: 30px;\n  background-color: rgb(40, 40, 40);\n}\n#section_1551053806 .section-bg-overlay {\n  background-color: rgba(0,0,0,.5);\n}\n<\/style>\n\t<\/section>\n\t\n","protected":false},"excerpt":{"rendered":"","protected":false},"author":1,"featured_media":0,"parent":0,"menu_order":0,"comment_status":"closed","ping_status":"closed","template":"page-blank.php","meta":{"footnotes":""},"class_list":["post-817","page","type-page","status-publish","hentry"],"aioseo_notices":[],"_links":{"self":[{"href":"https:\/\/okeya.ca\/fr\/wp-json\/wp\/v2\/pages\/817","targetHints":{"allow":["GET"]}}],"collection":[{"href":"https:\/\/okeya.ca\/fr\/wp-json\/wp\/v2\/pages"}],"about":[{"href":"https:\/\/okeya.ca\/fr\/wp-json\/wp\/v2\/types\/page"}],"author":[{"embeddable":true,"href":"https:\/\/okeya.ca\/fr\/wp-json\/wp\/v2\/users\/1"}],"replies":[{"embeddable":true,"href":"https:\/\/okeya.ca\/fr\/wp-json\/wp\/v2\/comments?post=817"}],"version-history":[{"count":8,"href":"https:\/\/okeya.ca\/fr\/wp-json\/wp\/v2\/pages\/817\/revisions"}],"predecessor-version":[{"id":1358,"href":"https:\/\/okeya.ca\/fr\/wp-json\/wp\/v2\/pages\/817\/revisions\/1358"}],"wp:attachment":[{"href":"https:\/\/okeya.ca\/fr\/wp-json\/wp\/v2\/media?parent=817"}],"curies":[{"name":"wp","href":"https:\/\/api.w.org\/{rel}","templated":true}]}}