{"id":809,"date":"2024-08-07T17:42:50","date_gmt":"2024-08-07T17:42:50","guid":{"rendered":"https:\/\/okeya.ca\/?page_id=809"},"modified":"2025-12-09T10:08:08","modified_gmt":"2025-12-09T10:08:08","slug":"reservation-a-toronto","status":"publish","type":"page","link":"https:\/\/okeya.ca\/fr\/reservation-a-toronto\/","title":{"rendered":"R\u00e9servation \u00e0 Toronto"},"content":{"rendered":"\n\n\t<section class=\"section dark\" id=\"section_826265266\">\n\t\t<div class=\"section-bg fill\" >\n\t\t\t<img decoding=\"async\" width=\"2000\" height=\"2000\" src=\"https:\/\/okeya.ca\/wp-content\/uploads\/2024\/12\/image1-2000.jpg\" class=\"bg attachment- size-\" alt=\"\" \/>\t\t\t\t\t\t<div class=\"section-bg-overlay absolute fill\"><\/div>\n\t\t\t\n\n\t\t<\/div>\n\n\t\t\n\n\t\t<div class=\"section-content relative\">\n\t\t\t\n\n\t<div id=\"gap-83844350\" class=\"gap-element clearfix\" style=\"display:block; height:auto;\">\n\t\t\n<style>\n#gap-83844350 {\n  padding-top: 50px;\n}\n<\/style>\n\t<\/div>\n\t\n\n<div class=\"row\"  id=\"row-600673754\">\n\n\n\t<div id=\"col-1373184927\" class=\"col small-12 large-12\"  >\n\t\t\t\t<div class=\"col-inner\"  >\n\t\t\t\n\t\t\t\n\n<h1 style=\"text-align: center;\">R\u00e9servation \u00e0 Toronto<\/h1>\n\n\t\t<\/div>\n\t\t\t\t\t<\/div>\n\n\t\n\n<\/div>\n\n\t\t<\/div>\n\n\t\t\n<style>\n#section_826265266 {\n  padding-top: 100px;\n  padding-bottom: 100px;\n  background-color: rgb(40, 40, 40);\n}\n#section_826265266 .section-bg-overlay {\n  background-color: rgba(0,0,0,.5);\n}\n#section_826265266 .section-bg img {\n  object-position: 46% 64%;\n}\n@media (min-width:550px) {\n  #section_826265266 {\n    padding-top: 100px;\n    padding-bottom: 100px;\n  }\n}\n<\/style>\n\t<\/section>\n\t\n\n\t<section class=\"section reservation_section\" id=\"section_249636875\">\n\t\t<div class=\"section-bg fill\" >\n\t\t\t\t\t\t\t\t\t\n\t\t\t\n\n\t\t<\/div>\n\n\t\t\n\n\t\t<div class=\"section-content relative\">\n\t\t\t\n\n\t<div id=\"gap-92485287\" class=\"gap-element clearfix hide-for-small\" style=\"display:block; height:auto;\">\n\t\t\n<style>\n#gap-92485287 {\n  padding-top: 100px;\n}\n<\/style>\n\t<\/div>\n\t\n\n<div class=\"row row-large row-full-width align-middle\"  id=\"row-899288905\">\n\n\n\t<div id=\"col-1779038126\" class=\"col reservation_img_left medium-6 small-12 large-6\"  >\n\t\t\t\t<div class=\"col-inner text-left\"  >\n\t\t\t\n\t\t\t\n\n\t<div class=\"img has-hover x md-x lg-x y md-y lg-y\" id=\"image_1998478828\">\n\t\t\t\t\t\t\t\t<div class=\"img-inner image-cover dark\" style=\"padding-top:80%;\">\n\t\t\t<img decoding=\"async\" width=\"819\" height=\"1024\" src=\"https:\/\/okeya.ca\/wp-content\/uploads\/2025\/10\/IMG_0526-819x1024.jpg\" class=\"attachment-large size-large\" alt=\"Lunch Menu\" srcset=\"https:\/\/okeya.ca\/wp-content\/uploads\/2025\/10\/IMG_0526-819x1024.jpg 819w, https:\/\/okeya.ca\/wp-content\/uploads\/2025\/10\/IMG_0526-240x300.jpg 240w, https:\/\/okeya.ca\/wp-content\/uploads\/2025\/10\/IMG_0526-768x960.jpg 768w, https:\/\/okeya.ca\/wp-content\/uploads\/2025\/10\/IMG_0526.jpg 1024w\" sizes=\"(max-width: 819px) 100vw, 819px\" \/>\t\t\t\t\t\t\n\t\t\t\t\t<\/div>\n\t\t\t\t\t\t\t\t\n<style>\n#image_1998478828 {\n  width: 100%;\n}\n<\/style>\n\t<\/div>\n\t\n\n\n\t\t<\/div>\n\t\t\t\t\n<style>\n#col-1779038126 > .col-inner {\n  padding: 0px 0px 0px 0px;\n}\n<\/style>\n\t<\/div>\n\n\t\n\n\t<div id=\"col-1495425070\" class=\"col medium-6 small-12 large-6\"  >\n\t\t\t\t<div class=\"col-inner\"  >\n\t\t\t\n\t\t\t\n\n\t<div id=\"text-3316625134\" class=\"text\">\n\t\t\n\n<h2>D\u00e9jeuner Omakase<\/h2>\n\t\t\n<style>\n#text-3316625134 {\n  text-align: left;\n}\n<\/style>\n\t<\/div>\n\t\n\t<div id=\"text-2501269220\" class=\"text\">\n\t\t\n\n<p><strong>Prix :<\/strong> 180 $ par personne (avant taxes et pourboires)<br><strong>Menu :<\/strong> 15+ plats<br><strong>Heure :<\/strong> ven 12:15pm, sam &amp; dim 11:45am, 13:30pm<\/p>\n<p><strong>Allergies : <\/strong>Veuillez nous en informer lors de la r\u00e9servation.<\/br><br>Il se peut que nous ne soyons pas en mesure de r\u00e9pondre aux allergies aux fruits de mer.<br>Les options sans gluten et v\u00e9g\u00e9taliennes ne sont pas disponibles.<\/p>\n<p><strong>R\u00e9servations et annulations :<\/strong> Une carte de cr\u00e9dit est n\u00e9cessaire pour r\u00e9server.<\/br>Annulez au moins <strong>48 heures \u00e0 l&rsquo;avance<\/strong> pour \u00e9viter des frais.<\/br>Pour les groupes de <strong>5 personnes ou plus<\/strong>, veuillez envoyer un e-mail \u00e0 : <a href=\"mailto:info@okeya26.ca\" class=\"link_dark\">info@okeya26.ca<\/a> <\/br>Veuillez annuler via OpenTable ou par e-mail.<\/p>\n<p><strong>Remarques :<\/strong> Pas de menu enfant disponible. Aucune nourriture ext\u00e9rieure n&rsquo;est autoris\u00e9e. <\/p>\n\t\t\n<style>\n#text-2501269220 {\n  text-align: left;\n}\n<\/style>\n\t<\/div>\n\t\n<a href=\"https:\/\/www.opentable.ca\/r\/okeya-kyujiro-toronto-reservations-toronto?restref=1362232&#038;lang=en-CA&#038;ot_source=Restaurant%20website\" target=\"_blank\" class=\"button primary is-outline lowercase reservation_btn\" rel=\"noopener\" >\n\t\t<span>R\u00e9servation<\/span>\n\t<\/a>\n\n\n\n\t\t<\/div>\n\t\t\t\t\t<\/div>\n\n\t\n\n<\/div>\n\t<div id=\"gap-1474117434\" class=\"gap-element clearfix\" style=\"display:block; height:auto;\">\n\t\t\n<style>\n#gap-1474117434 {\n  padding-top: 30px;\n}\n<\/style>\n\t<\/div>\n\t\n\n<div class=\"row row-large row-full-width align-middle\"  id=\"row-250671543\">\n\n\n\t<div id=\"col-1932352893\" class=\"col medium-6 small-12 large-6\"  >\n\t\t\t\t<div class=\"col-inner\"  >\n\t\t\t\n\t\t\t\n\n<h2>D\u00eener Omakase<\/h2>\n\t<div id=\"text-3745566931\" class=\"text\">\n\t\t\n\n<p><strong>Prix <\/strong>: 350 $ par personne (avant taxe et pourboire)<br><strong>Prix \u00e0 partir de janvier 2026<\/strong> : 355 $<\/p>\n<p><strong>Menu<\/strong> : 25+ plats<br><strong>Heure<\/strong> : jeu-dim 19h<\/p>\n<p><strong>Allergies :<\/strong> Veuillez nous en informer lors de la r\u00e9servation.<br>Il se peut que nous ne soyons pas en mesure de r\u00e9pondre aux allergies aux fruits de mer.<br>Les options sans gluten et v\u00e9g\u00e9taliennes ne sont pas disponibles.<\/p>\n<p><strong>R\u00e9servations et annulations :<\/strong> Une carte de cr\u00e9dit est n\u00e9cessaire pour r\u00e9server.<\/br>Annulez au moins <strong>48 heures \u00e0 l&rsquo;avance<\/strong> pour \u00e9viter des frais.<\/br>Pour les groupes de <strong>5 personnes ou plus<\/strong>, veuillez envoyer un e-mail \u00e0 : <a href=\"mailto:info@okeya26.ca\" class=\"link_dark\">info@okeya26.ca<\/a> <\/br>Veuillez annuler via OpenTable ou par e-mail.<\/p>\n<p><strong>Remarques :<\/strong> Pas de menu enfant disponible. Aucune nourriture ext\u00e9rieure n&rsquo;est autoris\u00e9e. <\/p>\n\n\t\t\n<style>\n#text-3745566931 {\n  text-align: left;\n}\n<\/style>\n\t<\/div>\n\t\n<a href=\"https:\/\/www.opentable.ca\/booking\/restref\/availability?lang=en-CA&#038;correlationId=0a159bcd-45bc-45d7-9517-dac371102fd8&#038;restRef=1362232&#038;otSource=Restaurant%20website\" target=\"_blank\" class=\"button primary is-outline lowercase reservation_btn\" rel=\"noopener\" >\n\t\t<span>R\u00e9servation<\/span>\n\t<\/a>\n\n\n\n\t\t<\/div>\n\t\t\t\t\t<\/div>\n\n\t\n\n\t<div id=\"col-1286186216\" class=\"col reservation_img_right medium-6 small-12 large-6 small-col-first\"  >\n\t\t\t\t<div class=\"col-inner text-right\"  >\n\t\t\t\n\t\t\t\n\n\t<div class=\"img has-hover x md-x lg-x y md-y lg-y\" id=\"image_79040611\">\n\t\t\t\t\t\t\t\t<div class=\"img-inner image-cover dark\" style=\"padding-top:80%;\">\n\t\t\t<img decoding=\"async\" width=\"1020\" height=\"1020\" src=\"https:\/\/okeya.ca\/wp-content\/uploads\/2025\/10\/DSC03260-1024x1024.jpg\" class=\"attachment-large size-large\" alt=\"Dinner Menu\" srcset=\"https:\/\/okeya.ca\/wp-content\/uploads\/2025\/10\/DSC03260-1024x1024.jpg 1024w, https:\/\/okeya.ca\/wp-content\/uploads\/2025\/10\/DSC03260-300x300.jpg 300w, https:\/\/okeya.ca\/wp-content\/uploads\/2025\/10\/DSC03260-150x150.jpg 150w, https:\/\/okeya.ca\/wp-content\/uploads\/2025\/10\/DSC03260-768x768.jpg 768w, https:\/\/okeya.ca\/wp-content\/uploads\/2025\/10\/DSC03260-1536x1536.jpg 1536w, https:\/\/okeya.ca\/wp-content\/uploads\/2025\/10\/DSC03260-2048x2048.jpg 2048w\" sizes=\"(max-width: 1020px) 100vw, 1020px\" \/>\t\t\t\t\t\t\n\t\t\t\t\t<\/div>\n\t\t\t\t\t\t\t\t\n<style>\n#image_79040611 {\n  width: 100%;\n}\n<\/style>\n\t<\/div>\n\t\n\n\n\t\t<\/div>\n\t\t\t\t\n<style>\n#col-1286186216 > .col-inner {\n  padding: 0px 0px 0px 0px;\n}\n<\/style>\n\t<\/div>\n\n\t\n\n<\/div>\n\t<div id=\"gap-1679698322\" class=\"gap-element clearfix\" style=\"display:block; height:auto;\">\n\t\t\n<style>\n#gap-1679698322 {\n  padding-top: 30px;\n}\n<\/style>\n\t<\/div>\n\t\n\n<div class=\"row row-large row-full-width align-middle\"  id=\"row-1336104223\">\n\n\n\t<div id=\"col-1498689150\" class=\"col reservation_img_left medium-6 small-12 large-6\"  >\n\t\t\t\t<div class=\"col-inner\"  >\n\t\t\t\n\t\t\t\n\n\t<div class=\"img has-hover ochakase_banner x md-x lg-x y md-y lg-y\" id=\"image_173419039\">\n\t\t\t\t\t\t\t\t<div class=\"img-inner image-cover dark\" style=\"padding-top:80%;\">\n\t\t\t<img decoding=\"async\" width=\"683\" height=\"1024\" src=\"https:\/\/okeya.ca\/wp-content\/uploads\/2025\/09\/IMG_0829-683x1024.jpg\" class=\"attachment-large size-large\" alt=\"\" srcset=\"https:\/\/okeya.ca\/wp-content\/uploads\/2025\/09\/IMG_0829-683x1024.jpg 683w, https:\/\/okeya.ca\/wp-content\/uploads\/2025\/09\/IMG_0829-200x300.jpg 200w, https:\/\/okeya.ca\/wp-content\/uploads\/2025\/09\/IMG_0829-768x1152.jpg 768w, https:\/\/okeya.ca\/wp-content\/uploads\/2025\/09\/IMG_0829-1024x1536.jpg 1024w, https:\/\/okeya.ca\/wp-content\/uploads\/2025\/09\/IMG_0829-1365x2048.jpg 1365w, https:\/\/okeya.ca\/wp-content\/uploads\/2025\/09\/IMG_0829-scaled.jpg 1707w\" sizes=\"(max-width: 683px) 100vw, 683px\" \/>\t\t\t\t\t\t\n\t\t\t\t\t<\/div>\n\t\t\t\t\t\t\t\t\n<style>\n#image_173419039 {\n  width: 100%;\n}\n<\/style>\n\t<\/div>\n\t\n\n\n\t\t<\/div>\n\t\t\t\t\t<\/div>\n\n\t\n\n\t<div id=\"col-1293055648\" class=\"col medium-6 small-12 large-6\"  >\n\t\t\t\t<div class=\"col-inner\"  >\n\t\t\t\n\t\t\t\n\n\t<div id=\"text-732696621\" class=\"text\">\n\t\t\n\n<h2>Ochakase<\/h2>\n\t\t\n<style>\n#text-732696621 {\n  text-align: left;\n}\n<\/style>\n\t<\/div>\n\t\n\t<div id=\"text-819413904\" class=\"text\">\n\t\t\n\n<p><strong>Prix :<\/strong> 180 $ par personne (avant taxes et pourboires)<\/p>\n<p><strong>Menu :<\/strong> 12+ plats (sucreries et plats sal\u00e9s), y compris 5 th\u00e9s japonais de premi\u00e8re qualit\u00e9.\n<\/p>\n<p><strong>Heures : <\/strong>dim. 14h00 (tenu de fa\u00e7on irr\u00e9guli\u00e8re)<\/p>\n<p><strong>Allergies :<\/strong> Veuillez nous en informer lors de la r\u00e9servation.<br>Les produits sans gluten sont accept\u00e9s.  <\/p>\n<p><strong>R\u00e9servation :<\/strong><br>Veuillez nous envoyer un courriel \u00e0 l&rsquo;adresse suivante : <a href=\"mailto:info@okeya26.ca\" class=\"link_dark\">info@okeya26.ca<\/a><\/p>\n\t\t\n<style>\n#text-819413904 {\n  text-align: left;\n}\n<\/style>\n\t<\/div>\n\t\n\n\t\t<\/div>\n\t\t\t\t\t<\/div>\n\n\t\n\n<\/div>\n\t<div id=\"gap-1358300726\" class=\"gap-element clearfix hide-for-small\" style=\"display:block; height:auto;\">\n\t\t\n<style>\n#gap-1358300726 {\n  padding-top: 60px;\n}\n<\/style>\n\t<\/div>\n\t\n\n\n\t\t<\/div>\n\n\t\t\n<style>\n#section_249636875 {\n  padding-top: 30px;\n  padding-bottom: 30px;\n}\n<\/style>\n\t<\/section>\n\t\n\n","protected":false},"excerpt":{"rendered":"","protected":false},"author":1,"featured_media":0,"parent":0,"menu_order":0,"comment_status":"closed","ping_status":"closed","template":"page-blank.php","meta":{"footnotes":""},"class_list":["post-809","page","type-page","status-publish","hentry"],"aioseo_notices":[],"_links":{"self":[{"href":"https:\/\/okeya.ca\/fr\/wp-json\/wp\/v2\/pages\/809","targetHints":{"allow":["GET"]}}],"collection":[{"href":"https:\/\/okeya.ca\/fr\/wp-json\/wp\/v2\/pages"}],"about":[{"href":"https:\/\/okeya.ca\/fr\/wp-json\/wp\/v2\/types\/page"}],"author":[{"embeddable":true,"href":"https:\/\/okeya.ca\/fr\/wp-json\/wp\/v2\/users\/1"}],"replies":[{"embeddable":true,"href":"https:\/\/okeya.ca\/fr\/wp-json\/wp\/v2\/comments?post=809"}],"version-history":[{"count":23,"href":"https:\/\/okeya.ca\/fr\/wp-json\/wp\/v2\/pages\/809\/revisions"}],"predecessor-version":[{"id":2279,"href":"https:\/\/okeya.ca\/fr\/wp-json\/wp\/v2\/pages\/809\/revisions\/2279"}],"wp:attachment":[{"href":"https:\/\/okeya.ca\/fr\/wp-json\/wp\/v2\/media?parent=809"}],"curies":[{"name":"wp","href":"https:\/\/api.w.org\/{rel}","templated":true}]}}